{"id":157,"date":"2021-08-11T15:10:08","date_gmt":"2021-08-11T15:10:08","guid":{"rendered":"https:\/\/iesolapaz.educacion.navarra.es\/web\/claudiomartinezgil\/?page_id=157"},"modified":"2024-09-16T08:25:41","modified_gmt":"2024-09-16T08:25:41","slug":"el-autor","status":"publish","type":"page","link":"https:\/\/iesolapaz.educacion.navarra.es\/web\/claudiomartinezgil\/el-autor\/","title":{"rendered":"El autor"},"content":{"rendered":"\n<div class=\"wp-block-columns\">\n<div class=\"wp-block-column\" style=\"flex-basis:66.66%\">\n<p class=\"has-text-align-center\"><strong>Formaci\u00f3n<\/strong><\/p>\n\n\n\n<p>Licenciado en Matem\u00e1ticas (Especialidad de Matem\u00e1tica Aplicada) por la Facultad de Ciencias de la Universidad de Zaragoza (1988)<\/p>\n\n\n\n<p>CAP del ICE de la Universidad de Zaragoza (1989)<\/p>\n\n\n\n<p>Licenciado en Ciencias Econ\u00f3micas y&nbsp;Empresariales por la UNED (2001)<\/p>\n\n\n\n<p>Programa de Doctorado de la UPNA: \u00abM\u00e9todos matem\u00e1ticos en Astrodin\u00e1mica\u00bb (2006)<\/p>\n\n\n\n<p>Dipl\u00f4me de Fran\u00e7ais Professionnel (B2). Chambre de Commerce et d&#8217;Industrie de Paris (2010)<\/p>\n\n\n\n<p>Key English Test (A2). Cambridge ESOL (2012)<\/p>\n\n\n\n<p>Dipl\u00f4me de&nbsp;Fran\u00e7ais&nbsp;Professionnel (C1). Chambre de Commerce et d&#8217;Industrie de Paris (2016)<\/p>\n\n\n\n<p>Test d&#8217;Evaluation de Fran\u00e7ais&nbsp;(C1). Chambre de Commerce et d&#8217;Industrie de Paris (2020)<\/p>\n\n\n\n<figure class=\"wp-duotone-000000-e5e8ea-1 wp-block-image size-large\"><img loading=\"lazy\" width=\"1024\" height=\"146\" src=\"https:\/\/iesolapaz.educacion.navarra.es\/web\/claudiomartinezgil\/wp-content\/uploads\/sites\/2\/2023\/07\/Profile_Contributor-2023-24-1024x146.png\" alt=\"\" class=\"wp-image-1328\" srcset=\"https:\/\/iesolapaz.educacion.navarra.es\/web\/claudiomartinezgil\/wp-content\/uploads\/sites\/2\/2023\/07\/Profile_Contributor-2023-24-1024x146.png 1024w, https:\/\/iesolapaz.educacion.navarra.es\/web\/claudiomartinezgil\/wp-content\/uploads\/sites\/2\/2023\/07\/Profile_Contributor-2023-24-300x43.png 300w, https:\/\/iesolapaz.educacion.navarra.es\/web\/claudiomartinezgil\/wp-content\/uploads\/sites\/2\/2023\/07\/Profile_Contributor-2023-24-768x110.png 768w, https:\/\/iesolapaz.educacion.navarra.es\/web\/claudiomartinezgil\/wp-content\/uploads\/sites\/2\/2023\/07\/Profile_Contributor-2023-24-1536x220.png 1536w, https:\/\/iesolapaz.educacion.navarra.es\/web\/claudiomartinezgil\/wp-content\/uploads\/sites\/2\/2023\/07\/Profile_Contributor-2023-24-2048x293.png 2048w\" sizes=\"(max-width: 1024px) 100vw, 1024px\" \/><\/figure>\n\n\n\n<p class=\"has-text-align-center\"><\/p>\n<\/div>\n\n\n\n<div class=\"wp-block-column\" style=\"flex-basis:33.33%\">\n<div class=\"wp-block-image\"><figure class=\"aligncenter size-full is-resized\"><img loading=\"lazy\" src=\"https:\/\/iesolapaz.educacion.navarra.es\/web\/claudiomartinezgil\/wp-content\/uploads\/sites\/2\/2021\/08\/besito.jpg\" alt=\"\" class=\"wp-image-158\" width=\"250\" height=\"228\" \/><\/figure><\/div>\n\n\n\n<div class=\"wp-container-3 wp-block-group\"><div class=\"wp-block-group__inner-container\">\n<div class=\"wp-container-2 wp-block-group alignwide\"><div class=\"wp-block-group__inner-container\">\n<p class=\"has-text-align-center\"><strong>Docencia<\/strong><\/p>\n\n\n\n<p class=\"has-text-align-center\"> Matem\u00e1ticas 2 ESO A   \/  Matem\u00e1ticas 3 ESO A  \/  Matem\u00e1ticas  3 ESO B<\/p>\n<\/div><\/div>\n<\/div><\/div>\n\n\n\n<p class=\"has-text-align-center\"><strong>Contacto<\/strong><\/p>\n\n\n\n<p class=\"has-text-align-center\">Claudio Mart\u00ednez Gil \/ Catedr\u00e1tico de Matem\u00e1ticas en el IESO LA PAZ \/ <a href=\"mailto:cmartine@educacion.navarra.es\">cmartine@educacion.navarra.es<\/a> \/ 31592 &#8211; Cintru\u00e9nigo &#8211; Navarra &#8211; Spain<\/p>\n\n\n\n<p class=\"has-text-align-center\"><strong>Curr\u00edculum vitae<\/strong><\/p>\n\n\n\n<p class=\"has-text-align-center\"><a href=\"https:\/\/drive.google.com\/file\/d\/1KmUClanGCAIStuQOBf-OuUdlO417l4xk\/view?usp=drive_link\" target=\"_blank\" rel=\"noreferrer noopener\">Descarga<\/a><\/p>\n\n\n\n<div class=\"wp-container-4 wp-block-buttons\"><\/div>\n<\/div>\n<\/div>\n\n\n\n<p><\/p>\n","protected":false},"excerpt":{"rendered":"<p>Formaci\u00f3n Licenciado en Matem\u00e1ticas (Especialidad de Matem\u00e1tica Aplicada) por la Facultad de Ciencias de la Universidad de Zaragoza (1988) CAP del ICE de la Universidad de Zaragoza (1989) Licenciado en Ciencias Econ\u00f3micas y&nbsp;Empresariales por la UNED (2001) Programa de Doctorado de la UPNA: \u00abM\u00e9todos matem\u00e1ticos en Astrodin\u00e1mica\u00bb (2006) Dipl\u00f4me de Fran\u00e7ais Professionnel (B2). Chambre de [&hellip;]<\/p>\n","protected":false},"author":3,"featured_media":0,"parent":0,"menu_order":0,"comment_status":"closed","ping_status":"closed","template":"","meta":{"_genesis_hide_title":false,"_genesis_hide_breadcrumbs":false,"_genesis_hide_singular_image":false,"_genesis_hide_footer_widgets":false,"_genesis_custom_body_class":"","_genesis_custom_post_class":"","_genesis_layout":""},"yoast_head":"<!-- This site is optimized with the Yoast SEO plugin v19.13 - https:\/\/yoast.com\/wordpress\/plugins\/seo\/ -->\n<title>El autor - Site de Claudio Mart\u00ednez Gil<\/title>\n<meta name=\"robots\" content=\"index, follow, max-snippet:-1, max-image-preview:large, max-video-preview:-1\" \/>\n<link rel=\"canonical\" href=\"https:\/\/iesolapaz.educacion.navarra.es\/web\/claudiomartinezgil\/el-autor\/\" \/>\n<meta property=\"og:locale\" content=\"es_ES\" \/>\n<meta property=\"og:type\" content=\"article\" \/>\n<meta property=\"og:title\" content=\"El autor - Site de Claudio Mart\u00ednez Gil\" \/>\n<meta property=\"og:description\" content=\"Formaci\u00f3n Licenciado en Matem\u00e1ticas (Especialidad de Matem\u00e1tica Aplicada) por la Facultad de Ciencias de la Universidad de Zaragoza (1988) CAP del ICE de la Universidad de Zaragoza (1989) Licenciado en Ciencias Econ\u00f3micas y&nbsp;Empresariales por la UNED (2001) Programa de Doctorado de la UPNA: \u00abM\u00e9todos matem\u00e1ticos en Astrodin\u00e1mica\u00bb (2006) Dipl\u00f4me de Fran\u00e7ais Professionnel (B2). Chambre de [&hellip;]\" \/>\n<meta property=\"og:url\" content=\"https:\/\/iesolapaz.educacion.navarra.es\/web\/claudiomartinezgil\/el-autor\/\" \/>\n<meta property=\"og:site_name\" content=\"Site de Claudio Mart\u00ednez Gil\" \/>\n<meta property=\"article:modified_time\" content=\"2024-09-16T08:25:41+00:00\" \/>\n<meta property=\"og:image\" content=\"https:\/\/iesolapaz.educacion.navarra.es\/web\/claudiomartinezgil\/wp-content\/uploads\/sites\/2\/2023\/07\/Profile_Contributor-2023-24-1024x146.png\" \/>\n<meta name=\"twitter:card\" content=\"summary_large_image\" \/>\n<meta name=\"twitter:label1\" content=\"Tiempo de lectura\" \/>\n\t<meta name=\"twitter:data1\" content=\"2 minutos\" \/>\n<script type=\"application\/ld+json\" class=\"yoast-schema-graph\">{\"@context\":\"https:\/\/schema.org\",\"@graph\":[{\"@type\":\"WebPage\",\"@id\":\"https:\/\/iesolapaz.educacion.navarra.es\/web\/claudiomartinezgil\/el-autor\/\",\"url\":\"https:\/\/iesolapaz.educacion.navarra.es\/web\/claudiomartinezgil\/el-autor\/\",\"name\":\"El autor - Site de Claudio Mart\u00ednez Gil\",\"isPartOf\":{\"@id\":\"https:\/\/iesolapaz.educacion.navarra.es\/web\/claudiomartinezgil\/#website\"},\"datePublished\":\"2021-08-11T15:10:08+00:00\",\"dateModified\":\"2024-09-16T08:25:41+00:00\",\"breadcrumb\":{\"@id\":\"https:\/\/iesolapaz.educacion.navarra.es\/web\/claudiomartinezgil\/el-autor\/#breadcrumb\"},\"inLanguage\":\"es\",\"potentialAction\":[{\"@type\":\"ReadAction\",\"target\":[\"https:\/\/iesolapaz.educacion.navarra.es\/web\/claudiomartinezgil\/el-autor\/\"]}]},{\"@type\":\"BreadcrumbList\",\"@id\":\"https:\/\/iesolapaz.educacion.navarra.es\/web\/claudiomartinezgil\/el-autor\/#breadcrumb\",\"itemListElement\":[{\"@type\":\"ListItem\",\"position\":1,\"name\":\"Home\",\"item\":\"https:\/\/iesolapaz.educacion.navarra.es\/web\/claudiomartinezgil\/\"},{\"@type\":\"ListItem\",\"position\":2,\"name\":\"El autor\"}]},{\"@type\":\"WebSite\",\"@id\":\"https:\/\/iesolapaz.educacion.navarra.es\/web\/claudiomartinezgil\/#website\",\"url\":\"https:\/\/iesolapaz.educacion.navarra.es\/web\/claudiomartinezgil\/\",\"name\":\"Site de Claudio Mart\u00ednez Gil\",\"description\":\"Apoyo a la docencia en el IES BENJAM\u00cdN DE TUDELA\",\"potentialAction\":[{\"@type\":\"SearchAction\",\"target\":{\"@type\":\"EntryPoint\",\"urlTemplate\":\"https:\/\/iesolapaz.educacion.navarra.es\/web\/claudiomartinezgil\/?s={search_term_string}\"},\"query-input\":\"required name=search_term_string\"}],\"inLanguage\":\"es\"}]}<\/script>\n<!-- \/ Yoast SEO plugin. -->","yoast_head_json":{"title":"El autor - Site de Claudio Mart\u00ednez Gil","robots":{"index":"index","follow":"follow","max-snippet":"max-snippet:-1","max-image-preview":"max-image-preview:large","max-video-preview":"max-video-preview:-1"},"canonical":"https:\/\/iesolapaz.educacion.navarra.es\/web\/claudiomartinezgil\/el-autor\/","og_locale":"es_ES","og_type":"article","og_title":"El autor - Site de Claudio Mart\u00ednez Gil","og_description":"Formaci\u00f3n Licenciado en Matem\u00e1ticas (Especialidad de Matem\u00e1tica Aplicada) por la Facultad de Ciencias de la Universidad de Zaragoza (1988) CAP del ICE de la Universidad de Zaragoza (1989) Licenciado en Ciencias Econ\u00f3micas y&nbsp;Empresariales por la UNED (2001) Programa de Doctorado de la UPNA: \u00abM\u00e9todos matem\u00e1ticos en Astrodin\u00e1mica\u00bb (2006) Dipl\u00f4me de Fran\u00e7ais Professionnel (B2). Chambre de [&hellip;]","og_url":"https:\/\/iesolapaz.educacion.navarra.es\/web\/claudiomartinezgil\/el-autor\/","og_site_name":"Site de Claudio Mart\u00ednez Gil","article_modified_time":"2024-09-16T08:25:41+00:00","og_image":[{"url":"https:\/\/iesolapaz.educacion.navarra.es\/web\/claudiomartinezgil\/wp-content\/uploads\/sites\/2\/2023\/07\/Profile_Contributor-2023-24-1024x146.png"}],"twitter_card":"summary_large_image","twitter_misc":{"Tiempo de lectura":"2 minutos"},"schema":{"@context":"https:\/\/schema.org","@graph":[{"@type":"WebPage","@id":"https:\/\/iesolapaz.educacion.navarra.es\/web\/claudiomartinezgil\/el-autor\/","url":"https:\/\/iesolapaz.educacion.navarra.es\/web\/claudiomartinezgil\/el-autor\/","name":"El autor - Site de Claudio Mart\u00ednez Gil","isPartOf":{"@id":"https:\/\/iesolapaz.educacion.navarra.es\/web\/claudiomartinezgil\/#website"},"datePublished":"2021-08-11T15:10:08+00:00","dateModified":"2024-09-16T08:25:41+00:00","breadcrumb":{"@id":"https:\/\/iesolapaz.educacion.navarra.es\/web\/claudiomartinezgil\/el-autor\/#breadcrumb"},"inLanguage":"es","potentialAction":[{"@type":"ReadAction","target":["https:\/\/iesolapaz.educacion.navarra.es\/web\/claudiomartinezgil\/el-autor\/"]}]},{"@type":"BreadcrumbList","@id":"https:\/\/iesolapaz.educacion.navarra.es\/web\/claudiomartinezgil\/el-autor\/#breadcrumb","itemListElement":[{"@type":"ListItem","position":1,"name":"Home","item":"https:\/\/iesolapaz.educacion.navarra.es\/web\/claudiomartinezgil\/"},{"@type":"ListItem","position":2,"name":"El autor"}]},{"@type":"WebSite","@id":"https:\/\/iesolapaz.educacion.navarra.es\/web\/claudiomartinezgil\/#website","url":"https:\/\/iesolapaz.educacion.navarra.es\/web\/claudiomartinezgil\/","name":"Site de Claudio Mart\u00ednez Gil","description":"Apoyo a la docencia en el IES BENJAM\u00cdN DE TUDELA","potentialAction":[{"@type":"SearchAction","target":{"@type":"EntryPoint","urlTemplate":"https:\/\/iesolapaz.educacion.navarra.es\/web\/claudiomartinezgil\/?s={search_term_string}"},"query-input":"required name=search_term_string"}],"inLanguage":"es"}]}},"_links":{"self":[{"href":"https:\/\/iesolapaz.educacion.navarra.es\/web\/claudiomartinezgil\/wp-json\/wp\/v2\/pages\/157"}],"collection":[{"href":"https:\/\/iesolapaz.educacion.navarra.es\/web\/claudiomartinezgil\/wp-json\/wp\/v2\/pages"}],"about":[{"href":"https:\/\/iesolapaz.educacion.navarra.es\/web\/claudiomartinezgil\/wp-json\/wp\/v2\/types\/page"}],"author":[{"embeddable":true,"href":"https:\/\/iesolapaz.educacion.navarra.es\/web\/claudiomartinezgil\/wp-json\/wp\/v2\/users\/3"}],"replies":[{"embeddable":true,"href":"https:\/\/iesolapaz.educacion.navarra.es\/web\/claudiomartinezgil\/wp-json\/wp\/v2\/comments?post=157"}],"version-history":[{"count":53,"href":"https:\/\/iesolapaz.educacion.navarra.es\/web\/claudiomartinezgil\/wp-json\/wp\/v2\/pages\/157\/revisions"}],"predecessor-version":[{"id":1585,"href":"https:\/\/iesolapaz.educacion.navarra.es\/web\/claudiomartinezgil\/wp-json\/wp\/v2\/pages\/157\/revisions\/1585"}],"wp:attachment":[{"href":"https:\/\/iesolapaz.educacion.navarra.es\/web\/claudiomartinezgil\/wp-json\/wp\/v2\/media?parent=157"}],"curies":[{"name":"wp","href":"https:\/\/api.w.org\/{rel}","templated":true}]}}