{"id":82,"date":"2021-08-10T10:33:29","date_gmt":"2021-08-10T10:33:29","guid":{"rendered":"https:\/\/iesolapaz.educacion.navarra.es\/web\/claudiomartinezgil\/?page_id=82"},"modified":"2021-09-07T15:03:12","modified_gmt":"2021-09-07T15:03:12","slug":"fractales","status":"publish","type":"page","link":"https:\/\/iesolapaz.educacion.navarra.es\/web\/claudiomartinezgil\/fractales\/","title":{"rendered":"Fractales"},"content":{"rendered":"\n<p>Un&nbsp;fractal&nbsp;es un objeto geom\u00e9trico cuya estructura b\u00e1sica, fragmentada o irregular, se repite a diferentes escalas. El t\u00e9rmino fue propuesto por el matem\u00e1tico Benoit Mandelbrot en 1975&nbsp;y deriva del Lat\u00edn&nbsp;<em>fractus<\/em>, que significa quebrado o fracturado. Muchas estructuras naturales son de tipo fractal. La propiedad matem\u00e1tica clave de un objeto genuinamente fractal es que su dimensi\u00f3n m\u00e9trica fractal es un n\u00famero no entero.<\/p>\n\n\n\n<p>Si bien el t\u00e9rmino \u00abfractal\u00bb es reciente, los objetos hoy denominados fractales eran bien conocidos en matem\u00e1ticas desde principios del siglo XX.<\/p>\n\n\n\n\n\n<div class=\"wp-block-columns\">\n<div class=\"wp-block-column\">\n<div class=\"wp-block-image\"><figure class=\"aligncenter size-full\"><img loading=\"lazy\" width=\"400\" height=\"280\" src=\"https:\/\/iesolapaz.educacion.navarra.es\/web\/claudiomartinezgil\/wp-content\/uploads\/sites\/2\/2021\/09\/mandelbrotfractal2.png\" alt=\"\" class=\"wp-image-747\" srcset=\"https:\/\/iesolapaz.educacion.navarra.es\/web\/claudiomartinezgil\/wp-content\/uploads\/sites\/2\/2021\/09\/mandelbrotfractal2.png 400w, https:\/\/iesolapaz.educacion.navarra.es\/web\/claudiomartinezgil\/wp-content\/uploads\/sites\/2\/2021\/09\/mandelbrotfractal2-300x210.png 300w\" sizes=\"(max-width: 400px) 100vw, 400px\" \/><\/figure><\/div>\n<\/div>\n\n\n\n<div class=\"wp-block-column\">\n<figure class=\"wp-block-image size-full\"><img loading=\"lazy\" width=\"456\" height=\"479\" src=\"https:\/\/iesolapaz.educacion.navarra.es\/web\/claudiomartinezgil\/wp-content\/uploads\/sites\/2\/2021\/08\/cantorsetbig.gif\" alt=\"\" class=\"wp-image-49\" \/><\/figure>\n<\/div>\n<\/div>\n\n\n\n<div class=\"wp-block-columns\">\n<div class=\"wp-block-column\">\n<p class=\"has-text-align-center\"><strong>Fractales seg\u00fan M. Sada:<\/strong><\/p>\n\n\n\n<div class=\"wp-block-image\"><figure class=\"aligncenter size-full is-resized\"><a href=\"http:\/\/docentes.educacion.navarra.es\/msadaall\/geogebra\/fractales.htm\"><img loading=\"lazy\" src=\"https:\/\/iesolapaz.educacion.navarra.es\/web\/claudiomartinezgil\/wp-content\/uploads\/sites\/2\/2021\/08\/sada_allo.jpg\" alt=\"\" class=\"wp-image-55\" width=\"306\" height=\"113\" srcset=\"https:\/\/iesolapaz.educacion.navarra.es\/web\/claudiomartinezgil\/wp-content\/uploads\/sites\/2\/2021\/08\/sada_allo.jpg 400w, https:\/\/iesolapaz.educacion.navarra.es\/web\/claudiomartinezgil\/wp-content\/uploads\/sites\/2\/2021\/08\/sada_allo-300x110.jpg 300w\" sizes=\"(max-width: 306px) 100vw, 306px\" \/><\/a><\/figure><\/div>\n<\/div>\n\n\n\n<div class=\"wp-block-column\">\n<p class=\"has-text-align-center\"><strong>Fractales seg\u00fan M. Otero:<\/strong><\/p>\n\n\n\n<div class=\"wp-block-image\"><figure class=\"aligncenter size-full is-resized\"><a href=\"http:\/\/callmeeinstein.blogspot.com\/2013\/05\/sierpinskis-fractal-triangle.html\"><img loading=\"lazy\" src=\"https:\/\/iesolapaz.educacion.navarra.es\/web\/claudiomartinezgil\/wp-content\/uploads\/sites\/2\/2021\/08\/Latapinski.jpg\" alt=\"\" class=\"wp-image-53\" width=\"299\" height=\"116\" srcset=\"https:\/\/iesolapaz.educacion.navarra.es\/web\/claudiomartinezgil\/wp-content\/uploads\/sites\/2\/2021\/08\/Latapinski.jpg 400w, https:\/\/iesolapaz.educacion.navarra.es\/web\/claudiomartinezgil\/wp-content\/uploads\/sites\/2\/2021\/08\/Latapinski-300x116.jpg 300w\" sizes=\"(max-width: 299px) 100vw, 299px\" \/><\/a><\/figure><\/div>\n<\/div>\n<\/div>\n\n\n\n<div class=\"wp-block-columns\">\n<div class=\"wp-block-column\">\n<figure class=\"wp-block-embed is-type-video is-provider-youtube wp-block-embed-youtube wp-embed-aspect-16-9 wp-has-aspect-ratio\"><div class=\"wp-block-embed__wrapper\">\n<iframe loading=\"lazy\" title=\"Fractales y su uso en la cocina - Juan Mari Arzak\" width=\"500\" height=\"281\" src=\"https:\/\/www.youtube.com\/embed\/oytngiX20xE?feature=oembed\" frameborder=\"0\" allow=\"accelerometer; autoplay; clipboard-write; encrypted-media; gyroscope; picture-in-picture\" allowfullscreen><\/iframe>\n<\/div><\/figure>\n\n\n\n<p class=\"has-text-align-center\"><strong>Fractales seg\u00fan J. Mari Arzac<\/strong><\/p>\n<\/div>\n\n\n\n<div class=\"wp-block-column\">\n<figure class=\"wp-block-embed is-type-video is-provider-youtube wp-block-embed-youtube wp-embed-aspect-16-9 wp-has-aspect-ratio\"><div class=\"wp-block-embed__wrapper\">\n<iframe loading=\"lazy\" title=\"Fractales en la naturaleza (The Code en espa\u00f1ol - Marcus du Sautoy)\" width=\"500\" height=\"281\" src=\"https:\/\/www.youtube.com\/embed\/eN2F_59lj2A?feature=oembed\" frameborder=\"0\" allow=\"accelerometer; autoplay; clipboard-write; encrypted-media; gyroscope; picture-in-picture\" allowfullscreen><\/iframe>\n<\/div><\/figure>\n\n\n\n<p class=\"has-text-align-center\"><strong>Fractales seg\u00fan Marcus du Satoy<\/strong><\/p>\n<\/div>\n<\/div>\n\n\n\n<p><a href=\"https:\/\/sites.google.com\/site\/claudiomartinezgil\/fractales\" target=\"_blank\" rel=\"noreferrer noopener\">M\u00e1s de fractales&#8230;.<\/a><\/p>\n","protected":false},"excerpt":{"rendered":"<p>Un&nbsp;fractal&nbsp;es un objeto geom\u00e9trico cuya estructura b\u00e1sica, fragmentada o irregular, se repite a diferentes escalas. El t\u00e9rmino fue propuesto por el matem\u00e1tico Benoit Mandelbrot en 1975&nbsp;y deriva del Lat\u00edn&nbsp;fractus, que significa quebrado o fracturado. Muchas estructuras naturales son de tipo fractal. La propiedad matem\u00e1tica clave de un objeto genuinamente fractal es que su dimensi\u00f3n m\u00e9trica [&hellip;]<\/p>\n","protected":false},"author":3,"featured_media":0,"parent":0,"menu_order":0,"comment_status":"closed","ping_status":"closed","template":"","meta":{"_genesis_hide_title":false,"_genesis_hide_breadcrumbs":false,"_genesis_hide_singular_image":false,"_genesis_hide_footer_widgets":false,"_genesis_custom_body_class":"","_genesis_custom_post_class":"","_genesis_layout":""},"yoast_head":"<!-- This site is optimized with the Yoast SEO plugin v19.13 - https:\/\/yoast.com\/wordpress\/plugins\/seo\/ -->\n<title>Fractales - Site de Claudio Mart\u00ednez Gil<\/title>\n<meta name=\"robots\" content=\"index, follow, max-snippet:-1, max-image-preview:large, max-video-preview:-1\" \/>\n<link rel=\"canonical\" href=\"https:\/\/iesolapaz.educacion.navarra.es\/web\/claudiomartinezgil\/fractales\/\" \/>\n<meta property=\"og:locale\" content=\"es_ES\" \/>\n<meta property=\"og:type\" content=\"article\" \/>\n<meta property=\"og:title\" content=\"Fractales - Site de Claudio Mart\u00ednez Gil\" \/>\n<meta property=\"og:description\" content=\"Un&nbsp;fractal&nbsp;es un objeto geom\u00e9trico cuya estructura b\u00e1sica, fragmentada o irregular, se repite a diferentes escalas. El t\u00e9rmino fue propuesto por el matem\u00e1tico Benoit Mandelbrot en 1975&nbsp;y deriva del Lat\u00edn&nbsp;fractus, que significa quebrado o fracturado. Muchas estructuras naturales son de tipo fractal. La propiedad matem\u00e1tica clave de un objeto genuinamente fractal es que su dimensi\u00f3n m\u00e9trica [&hellip;]\" \/>\n<meta property=\"og:url\" content=\"https:\/\/iesolapaz.educacion.navarra.es\/web\/claudiomartinezgil\/fractales\/\" \/>\n<meta property=\"og:site_name\" content=\"Site de Claudio Mart\u00ednez Gil\" \/>\n<meta property=\"article:modified_time\" content=\"2021-09-07T15:03:12+00:00\" \/>\n<meta property=\"og:image\" content=\"https:\/\/iesolapaz.educacion.navarra.es\/web\/claudiomartinezgil\/wp-content\/uploads\/sites\/2\/2021\/09\/mandelbrotfractal2.png\" \/>\n<meta name=\"twitter:card\" content=\"summary_large_image\" \/>\n<meta name=\"twitter:label1\" content=\"Tiempo de lectura\" \/>\n\t<meta name=\"twitter:data1\" content=\"1 minuto\" \/>\n<script type=\"application\/ld+json\" class=\"yoast-schema-graph\">{\"@context\":\"https:\/\/schema.org\",\"@graph\":[{\"@type\":\"WebPage\",\"@id\":\"https:\/\/iesolapaz.educacion.navarra.es\/web\/claudiomartinezgil\/fractales\/\",\"url\":\"https:\/\/iesolapaz.educacion.navarra.es\/web\/claudiomartinezgil\/fractales\/\",\"name\":\"Fractales - Site de Claudio Mart\u00ednez Gil\",\"isPartOf\":{\"@id\":\"https:\/\/iesolapaz.educacion.navarra.es\/web\/claudiomartinezgil\/#website\"},\"datePublished\":\"2021-08-10T10:33:29+00:00\",\"dateModified\":\"2021-09-07T15:03:12+00:00\",\"breadcrumb\":{\"@id\":\"https:\/\/iesolapaz.educacion.navarra.es\/web\/claudiomartinezgil\/fractales\/#breadcrumb\"},\"inLanguage\":\"es\",\"potentialAction\":[{\"@type\":\"ReadAction\",\"target\":[\"https:\/\/iesolapaz.educacion.navarra.es\/web\/claudiomartinezgil\/fractales\/\"]}]},{\"@type\":\"BreadcrumbList\",\"@id\":\"https:\/\/iesolapaz.educacion.navarra.es\/web\/claudiomartinezgil\/fractales\/#breadcrumb\",\"itemListElement\":[{\"@type\":\"ListItem\",\"position\":1,\"name\":\"Home\",\"item\":\"https:\/\/iesolapaz.educacion.navarra.es\/web\/claudiomartinezgil\/\"},{\"@type\":\"ListItem\",\"position\":2,\"name\":\"Fractales\"}]},{\"@type\":\"WebSite\",\"@id\":\"https:\/\/iesolapaz.educacion.navarra.es\/web\/claudiomartinezgil\/#website\",\"url\":\"https:\/\/iesolapaz.educacion.navarra.es\/web\/claudiomartinezgil\/\",\"name\":\"Site de Claudio Mart\u00ednez Gil\",\"description\":\"Apoyo a la docencia en el IES BENJAM\u00cdN DE TUDELA\",\"potentialAction\":[{\"@type\":\"SearchAction\",\"target\":{\"@type\":\"EntryPoint\",\"urlTemplate\":\"https:\/\/iesolapaz.educacion.navarra.es\/web\/claudiomartinezgil\/?s={search_term_string}\"},\"query-input\":\"required name=search_term_string\"}],\"inLanguage\":\"es\"}]}<\/script>\n<!-- \/ Yoast SEO plugin. -->","yoast_head_json":{"title":"Fractales - Site de Claudio Mart\u00ednez Gil","robots":{"index":"index","follow":"follow","max-snippet":"max-snippet:-1","max-image-preview":"max-image-preview:large","max-video-preview":"max-video-preview:-1"},"canonical":"https:\/\/iesolapaz.educacion.navarra.es\/web\/claudiomartinezgil\/fractales\/","og_locale":"es_ES","og_type":"article","og_title":"Fractales - Site de Claudio Mart\u00ednez Gil","og_description":"Un&nbsp;fractal&nbsp;es un objeto geom\u00e9trico cuya estructura b\u00e1sica, fragmentada o irregular, se repite a diferentes escalas. El t\u00e9rmino fue propuesto por el matem\u00e1tico Benoit Mandelbrot en 1975&nbsp;y deriva del Lat\u00edn&nbsp;fractus, que significa quebrado o fracturado. Muchas estructuras naturales son de tipo fractal. La propiedad matem\u00e1tica clave de un objeto genuinamente fractal es que su dimensi\u00f3n m\u00e9trica [&hellip;]","og_url":"https:\/\/iesolapaz.educacion.navarra.es\/web\/claudiomartinezgil\/fractales\/","og_site_name":"Site de Claudio Mart\u00ednez Gil","article_modified_time":"2021-09-07T15:03:12+00:00","og_image":[{"url":"https:\/\/iesolapaz.educacion.navarra.es\/web\/claudiomartinezgil\/wp-content\/uploads\/sites\/2\/2021\/09\/mandelbrotfractal2.png"}],"twitter_card":"summary_large_image","twitter_misc":{"Tiempo de lectura":"1 minuto"},"schema":{"@context":"https:\/\/schema.org","@graph":[{"@type":"WebPage","@id":"https:\/\/iesolapaz.educacion.navarra.es\/web\/claudiomartinezgil\/fractales\/","url":"https:\/\/iesolapaz.educacion.navarra.es\/web\/claudiomartinezgil\/fractales\/","name":"Fractales - Site de Claudio Mart\u00ednez Gil","isPartOf":{"@id":"https:\/\/iesolapaz.educacion.navarra.es\/web\/claudiomartinezgil\/#website"},"datePublished":"2021-08-10T10:33:29+00:00","dateModified":"2021-09-07T15:03:12+00:00","breadcrumb":{"@id":"https:\/\/iesolapaz.educacion.navarra.es\/web\/claudiomartinezgil\/fractales\/#breadcrumb"},"inLanguage":"es","potentialAction":[{"@type":"ReadAction","target":["https:\/\/iesolapaz.educacion.navarra.es\/web\/claudiomartinezgil\/fractales\/"]}]},{"@type":"BreadcrumbList","@id":"https:\/\/iesolapaz.educacion.navarra.es\/web\/claudiomartinezgil\/fractales\/#breadcrumb","itemListElement":[{"@type":"ListItem","position":1,"name":"Home","item":"https:\/\/iesolapaz.educacion.navarra.es\/web\/claudiomartinezgil\/"},{"@type":"ListItem","position":2,"name":"Fractales"}]},{"@type":"WebSite","@id":"https:\/\/iesolapaz.educacion.navarra.es\/web\/claudiomartinezgil\/#website","url":"https:\/\/iesolapaz.educacion.navarra.es\/web\/claudiomartinezgil\/","name":"Site de Claudio Mart\u00ednez Gil","description":"Apoyo a la docencia en el IES BENJAM\u00cdN DE TUDELA","potentialAction":[{"@type":"SearchAction","target":{"@type":"EntryPoint","urlTemplate":"https:\/\/iesolapaz.educacion.navarra.es\/web\/claudiomartinezgil\/?s={search_term_string}"},"query-input":"required name=search_term_string"}],"inLanguage":"es"}]}},"_links":{"self":[{"href":"https:\/\/iesolapaz.educacion.navarra.es\/web\/claudiomartinezgil\/wp-json\/wp\/v2\/pages\/82"}],"collection":[{"href":"https:\/\/iesolapaz.educacion.navarra.es\/web\/claudiomartinezgil\/wp-json\/wp\/v2\/pages"}],"about":[{"href":"https:\/\/iesolapaz.educacion.navarra.es\/web\/claudiomartinezgil\/wp-json\/wp\/v2\/types\/page"}],"author":[{"embeddable":true,"href":"https:\/\/iesolapaz.educacion.navarra.es\/web\/claudiomartinezgil\/wp-json\/wp\/v2\/users\/3"}],"replies":[{"embeddable":true,"href":"https:\/\/iesolapaz.educacion.navarra.es\/web\/claudiomartinezgil\/wp-json\/wp\/v2\/comments?post=82"}],"version-history":[{"count":26,"href":"https:\/\/iesolapaz.educacion.navarra.es\/web\/claudiomartinezgil\/wp-json\/wp\/v2\/pages\/82\/revisions"}],"predecessor-version":[{"id":750,"href":"https:\/\/iesolapaz.educacion.navarra.es\/web\/claudiomartinezgil\/wp-json\/wp\/v2\/pages\/82\/revisions\/750"}],"wp:attachment":[{"href":"https:\/\/iesolapaz.educacion.navarra.es\/web\/claudiomartinezgil\/wp-json\/wp\/v2\/media?parent=82"}],"curies":[{"name":"wp","href":"https:\/\/api.w.org\/{rel}","templated":true}]}}