{"id":1273,"date":"2021-05-31T13:44:35","date_gmt":"2021-05-31T11:44:35","guid":{"rendered":"https:\/\/iesolapaz.educacion.navarra.es\/web\/?page_id=1273"},"modified":"2025-11-24T09:45:16","modified_gmt":"2025-11-24T08:45:16","slug":"apyma-junta-directiva","status":"publish","type":"page","link":"https:\/\/iesolapaz.educacion.navarra.es\/web\/apyma-junta-directiva\/","title":{"rendered":"Apyma-Junta Directiva"},"content":{"rendered":"\n<pre class=\"wp-block-preformatted\"><strong>Presidente<\/strong>:  Enrique Chivite Ayala\n<strong>Vicepresidenta<\/strong>: Nuria Ortega Ayl\u00f3n\n<strong><strong>Secretaria<\/strong><\/strong>:  Mar\u00eda Teresa Mateo Cacho\n<strong>Tesorera<\/strong>:    Rita R\u00e1ndez Garbayo\n<strong>Vocales<\/strong>:     Susana Funes Navarro             \n             Sonia Sastre Franco\n             Elena Garbayo Alvero\n             Mar\u00eda Pilar S\u00e1ez Fern\u00e1ndez\n             Inma Azagra Ayala\n\n\n\t<\/pre>\n","protected":false},"excerpt":{"rendered":"<p>Presidente: Enrique Chivite Ayala Vicepresidenta: Nuria Ortega Ayl\u00f3n Secretaria: Mar\u00eda Teresa Mateo Cacho Tesorera: Rita R\u00e1ndez Garbayo Vocales: Susana Funes Navarro Sonia Sastre Franco Elena Garbayo Alvero Mar\u00eda Pilar S\u00e1ez Fern\u00e1ndez Inma Azagra Ayala<\/p>\n","protected":false},"author":1,"featured_media":0,"parent":0,"menu_order":0,"comment_status":"closed","ping_status":"closed","template":"","meta":{"_genesis_hide_title":false,"_genesis_hide_breadcrumbs":false,"_genesis_hide_singular_image":false,"_genesis_hide_footer_widgets":false,"_genesis_custom_body_class":"","_genesis_custom_post_class":"","_genesis_layout":""},"yoast_head":"<!-- This site is optimized with the Yoast SEO plugin v19.13 - https:\/\/yoast.com\/wordpress\/plugins\/seo\/ -->\n<title>Apyma-Junta Directiva - IESO La Paz de Cintru\u00e9nigo<\/title>\n<meta name=\"robots\" content=\"index, follow, max-snippet:-1, max-image-preview:large, max-video-preview:-1\" \/>\n<link rel=\"canonical\" href=\"https:\/\/iesolapaz.educacion.navarra.es\/web\/apyma-junta-directiva\/\" \/>\n<meta property=\"og:locale\" content=\"es_ES\" \/>\n<meta property=\"og:type\" content=\"article\" \/>\n<meta property=\"og:title\" content=\"Apyma-Junta Directiva - IESO La Paz de Cintru\u00e9nigo\" \/>\n<meta property=\"og:description\" content=\"Presidente: Enrique Chivite Ayala Vicepresidenta: Nuria Ortega Ayl\u00f3n Secretaria: Mar\u00eda Teresa Mateo Cacho Tesorera: Rita R\u00e1ndez Garbayo Vocales: Susana Funes Navarro Sonia Sastre Franco Elena Garbayo Alvero Mar\u00eda Pilar S\u00e1ez Fern\u00e1ndez Inma Azagra Ayala\" \/>\n<meta property=\"og:url\" content=\"https:\/\/iesolapaz.educacion.navarra.es\/web\/apyma-junta-directiva\/\" \/>\n<meta property=\"og:site_name\" content=\"IESO La Paz de Cintru\u00e9nigo\" \/>\n<meta property=\"article:modified_time\" content=\"2025-11-24T08:45:16+00:00\" \/>\n<meta name=\"twitter:card\" content=\"summary_large_image\" \/>\n<meta name=\"twitter:label1\" content=\"Tiempo de lectura\" \/>\n\t<meta name=\"twitter:data1\" content=\"1 minuto\" \/>\n<script type=\"application\/ld+json\" class=\"yoast-schema-graph\">{\"@context\":\"https:\/\/schema.org\",\"@graph\":[{\"@type\":\"WebPage\",\"@id\":\"https:\/\/iesolapaz.educacion.navarra.es\/web\/apyma-junta-directiva\/\",\"url\":\"https:\/\/iesolapaz.educacion.navarra.es\/web\/apyma-junta-directiva\/\",\"name\":\"Apyma-Junta Directiva - IESO La Paz de Cintru\u00e9nigo\",\"isPartOf\":{\"@id\":\"https:\/\/iesolapaz.educacion.navarra.es\/web\/#website\"},\"datePublished\":\"2021-05-31T11:44:35+00:00\",\"dateModified\":\"2025-11-24T08:45:16+00:00\",\"breadcrumb\":{\"@id\":\"https:\/\/iesolapaz.educacion.navarra.es\/web\/apyma-junta-directiva\/#breadcrumb\"},\"inLanguage\":\"es\",\"potentialAction\":[{\"@type\":\"ReadAction\",\"target\":[\"https:\/\/iesolapaz.educacion.navarra.es\/web\/apyma-junta-directiva\/\"]}]},{\"@type\":\"BreadcrumbList\",\"@id\":\"https:\/\/iesolapaz.educacion.navarra.es\/web\/apyma-junta-directiva\/#breadcrumb\",\"itemListElement\":[{\"@type\":\"ListItem\",\"position\":1,\"name\":\"Home\",\"item\":\"https:\/\/iesolapaz.educacion.navarra.es\/web\/\"},{\"@type\":\"ListItem\",\"position\":2,\"name\":\"Apyma-Junta Directiva\"}]},{\"@type\":\"WebSite\",\"@id\":\"https:\/\/iesolapaz.educacion.navarra.es\/web\/#website\",\"url\":\"https:\/\/iesolapaz.educacion.navarra.es\/web\/\",\"name\":\"IESO La Paz de Cintru\u00e9nigo\",\"description\":\"Sitio web del IESO La Paz de Cintru\u00e9nigo\",\"potentialAction\":[{\"@type\":\"SearchAction\",\"target\":{\"@type\":\"EntryPoint\",\"urlTemplate\":\"https:\/\/iesolapaz.educacion.navarra.es\/web\/?s={search_term_string}\"},\"query-input\":\"required name=search_term_string\"}],\"inLanguage\":\"es\"}]}<\/script>\n<!-- \/ Yoast SEO plugin. -->","yoast_head_json":{"title":"Apyma-Junta Directiva - IESO La Paz de Cintru\u00e9nigo","robots":{"index":"index","follow":"follow","max-snippet":"max-snippet:-1","max-image-preview":"max-image-preview:large","max-video-preview":"max-video-preview:-1"},"canonical":"https:\/\/iesolapaz.educacion.navarra.es\/web\/apyma-junta-directiva\/","og_locale":"es_ES","og_type":"article","og_title":"Apyma-Junta Directiva - IESO La Paz de Cintru\u00e9nigo","og_description":"Presidente: Enrique Chivite Ayala Vicepresidenta: Nuria Ortega Ayl\u00f3n Secretaria: Mar\u00eda Teresa Mateo Cacho Tesorera: Rita R\u00e1ndez Garbayo Vocales: Susana Funes Navarro Sonia Sastre Franco Elena Garbayo Alvero Mar\u00eda Pilar S\u00e1ez Fern\u00e1ndez Inma Azagra Ayala","og_url":"https:\/\/iesolapaz.educacion.navarra.es\/web\/apyma-junta-directiva\/","og_site_name":"IESO La Paz de Cintru\u00e9nigo","article_modified_time":"2025-11-24T08:45:16+00:00","twitter_card":"summary_large_image","twitter_misc":{"Tiempo de lectura":"1 minuto"},"schema":{"@context":"https:\/\/schema.org","@graph":[{"@type":"WebPage","@id":"https:\/\/iesolapaz.educacion.navarra.es\/web\/apyma-junta-directiva\/","url":"https:\/\/iesolapaz.educacion.navarra.es\/web\/apyma-junta-directiva\/","name":"Apyma-Junta Directiva - IESO La Paz de Cintru\u00e9nigo","isPartOf":{"@id":"https:\/\/iesolapaz.educacion.navarra.es\/web\/#website"},"datePublished":"2021-05-31T11:44:35+00:00","dateModified":"2025-11-24T08:45:16+00:00","breadcrumb":{"@id":"https:\/\/iesolapaz.educacion.navarra.es\/web\/apyma-junta-directiva\/#breadcrumb"},"inLanguage":"es","potentialAction":[{"@type":"ReadAction","target":["https:\/\/iesolapaz.educacion.navarra.es\/web\/apyma-junta-directiva\/"]}]},{"@type":"BreadcrumbList","@id":"https:\/\/iesolapaz.educacion.navarra.es\/web\/apyma-junta-directiva\/#breadcrumb","itemListElement":[{"@type":"ListItem","position":1,"name":"Home","item":"https:\/\/iesolapaz.educacion.navarra.es\/web\/"},{"@type":"ListItem","position":2,"name":"Apyma-Junta Directiva"}]},{"@type":"WebSite","@id":"https:\/\/iesolapaz.educacion.navarra.es\/web\/#website","url":"https:\/\/iesolapaz.educacion.navarra.es\/web\/","name":"IESO La Paz de Cintru\u00e9nigo","description":"Sitio web del IESO La Paz de Cintru\u00e9nigo","potentialAction":[{"@type":"SearchAction","target":{"@type":"EntryPoint","urlTemplate":"https:\/\/iesolapaz.educacion.navarra.es\/web\/?s={search_term_string}"},"query-input":"required name=search_term_string"}],"inLanguage":"es"}]}},"featured_image_src":null,"featured_image_src_square":null,"_links":{"self":[{"href":"https:\/\/iesolapaz.educacion.navarra.es\/web\/wp-json\/wp\/v2\/pages\/1273"}],"collection":[{"href":"https:\/\/iesolapaz.educacion.navarra.es\/web\/wp-json\/wp\/v2\/pages"}],"about":[{"href":"https:\/\/iesolapaz.educacion.navarra.es\/web\/wp-json\/wp\/v2\/types\/page"}],"author":[{"embeddable":true,"href":"https:\/\/iesolapaz.educacion.navarra.es\/web\/wp-json\/wp\/v2\/users\/1"}],"replies":[{"embeddable":true,"href":"https:\/\/iesolapaz.educacion.navarra.es\/web\/wp-json\/wp\/v2\/comments?post=1273"}],"version-history":[{"count":8,"href":"https:\/\/iesolapaz.educacion.navarra.es\/web\/wp-json\/wp\/v2\/pages\/1273\/revisions"}],"predecessor-version":[{"id":3152,"href":"https:\/\/iesolapaz.educacion.navarra.es\/web\/wp-json\/wp\/v2\/pages\/1273\/revisions\/3152"}],"wp:attachment":[{"href":"https:\/\/iesolapaz.educacion.navarra.es\/web\/wp-json\/wp\/v2\/media?parent=1273"}],"curies":[{"name":"wp","href":"https:\/\/api.w.org\/{rel}","templated":true}]}}