{"id":1842,"date":"2022-06-07T23:20:33","date_gmt":"2022-06-07T21:20:33","guid":{"rendered":"https:\/\/iesolapaz.educacion.navarra.es\/web\/?page_id=1842"},"modified":"2022-06-07T23:20:33","modified_gmt":"2022-06-07T21:20:33","slug":"graduacion-4o-eso-promocion-2018-2022","status":"publish","type":"page","link":"https:\/\/iesolapaz.educacion.navarra.es\/web\/graduacion-4o-eso-promocion-2018-2022\/","title":{"rendered":"Graduaci\u00f3n 4\u00ba ESO Promoci\u00f3n 2018-2022"},"content":{"rendered":"\n<figure class=\"wp-block-image size-large is-style-default\"><img loading=\"lazy\" width=\"1024\" height=\"682\" src=\"https:\/\/iesolapaz.educacion.navarra.es\/web\/wp-content\/uploads\/2022\/06\/orla-ieso-la-paz-2022-2-2-1024x682.jpg\" alt=\"\" class=\"wp-image-1845\" srcset=\"https:\/\/iesolapaz.educacion.navarra.es\/web\/wp-content\/uploads\/2022\/06\/orla-ieso-la-paz-2022-2-2-1024x682.jpg 1024w, https:\/\/iesolapaz.educacion.navarra.es\/web\/wp-content\/uploads\/2022\/06\/orla-ieso-la-paz-2022-2-2-300x200.jpg 300w, https:\/\/iesolapaz.educacion.navarra.es\/web\/wp-content\/uploads\/2022\/06\/orla-ieso-la-paz-2022-2-2-768x511.jpg 768w, https:\/\/iesolapaz.educacion.navarra.es\/web\/wp-content\/uploads\/2022\/06\/orla-ieso-la-paz-2022-2-2-600x400.jpg 600w, https:\/\/iesolapaz.educacion.navarra.es\/web\/wp-content\/uploads\/2022\/06\/orla-ieso-la-paz-2022-2-2.jpg 1200w\" sizes=\"(max-width: 1024px) 100vw, 1024px\" \/><\/figure>\n\n\n\n<p>El pasado 27 de Mayo se celebr\u00f3 en el Centro de Artes\u00a0Avenida\u00a0el acto de graduaci\u00f3n del alumnado de 4\u00ba de ESO de la promoci\u00f3n 2018-2022.  Tras la celebraci\u00f3n del acto tuvo lugar un aperitivo en el patio del instituto para todas las familias por cortes\u00eda de la Apyma y el IESO La Paz. A continuaci\u00f3n podeis ver unas fotos del d\u00eda.<\/p>\n\n\n\n<p>Enhorabuena a tod@s los graduados\/as !!!!!!<\/p>\n\n\n\n<p><a href=\"https:\/\/photos.app.goo.gl\/VH7UgPDmfzR7CsBNA\" target=\"_blank\" rel=\"noreferrer noopener\">Fotos Presentadores, Speakers y Tutores<\/a><\/p>\n\n\n\n<p><a href=\"https:\/\/photos.app.goo.gl\/sUHV9rmRb3fXCxdf7\" target=\"_blank\" rel=\"noreferrer noopener\">Fotos 4\u00ba A<\/a><\/p>\n\n\n\n<p><a href=\"https:\/\/photos.app.goo.gl\/U7frM5v9MiWharLV7\" target=\"_blank\" rel=\"noreferrer noopener\">Fotos 4\u00ba B<\/a><\/p>\n\n\n\n<p><a href=\"https:\/\/photos.app.goo.gl\/AMr1kBDU8q8bCmVV9\" target=\"_blank\" rel=\"noreferrer noopener\">Fotos 4\u00ba C<\/a><\/p>\n\n\n\n<p><a href=\"https:\/\/photos.app.goo.gl\/8n96xTKX2xo1syoYA\" target=\"_blank\" rel=\"noreferrer noopener\">Fotos 4\u00ba D<\/a><\/p>\n\n\n\n<p><a href=\"https:\/\/photos.app.goo.gl\/NSXs56X5jfqczaoD9\" target=\"_blank\" rel=\"noreferrer noopener\">Fotos Jota Mario Chivite<\/a><\/p>\n\n\n\n<p><a href=\"https:\/\/photos.app.goo.gl\/8smrNdsPumziubmw9\" target=\"_blank\" rel=\"noreferrer noopener\">Fotos Canciones y Final<\/a><\/p>\n\n\n\n<p><a href=\"https:\/\/photos.app.goo.gl\/dLScStjBARzAuYeSA\" target=\"_blank\" rel=\"noreferrer noopener\">Fotos Photocall y Patio Instituto<\/a><\/p>\n","protected":false},"excerpt":{"rendered":"<p>El pasado 27 de Mayo se celebr\u00f3 en el Centro de Artes\u00a0Avenida\u00a0el acto de graduaci\u00f3n del alumnado de 4\u00ba de ESO de la promoci\u00f3n 2018-2022. Tras la celebraci\u00f3n del acto tuvo lugar un aperitivo en el patio del instituto para todas las familias por cortes\u00eda de la Apyma y el IESO La Paz. A continuaci\u00f3n [&hellip;]<\/p>\n","protected":false},"author":1,"featured_media":0,"parent":0,"menu_order":0,"comment_status":"closed","ping_status":"closed","template":"","meta":{"_genesis_hide_title":false,"_genesis_hide_breadcrumbs":false,"_genesis_hide_singular_image":false,"_genesis_hide_footer_widgets":false,"_genesis_custom_body_class":"","_genesis_custom_post_class":"","_genesis_layout":""},"yoast_head":"<!-- This site is optimized with the Yoast SEO plugin v19.13 - https:\/\/yoast.com\/wordpress\/plugins\/seo\/ -->\n<title>Graduaci\u00f3n 4\u00ba ESO Promoci\u00f3n 2018-2022 - IESO La Paz de Cintru\u00e9nigo<\/title>\n<meta name=\"robots\" content=\"index, follow, max-snippet:-1, max-image-preview:large, max-video-preview:-1\" \/>\n<link rel=\"canonical\" href=\"https:\/\/iesolapaz.educacion.navarra.es\/web\/graduacion-4o-eso-promocion-2018-2022\/\" \/>\n<meta property=\"og:locale\" content=\"es_ES\" \/>\n<meta property=\"og:type\" content=\"article\" \/>\n<meta property=\"og:title\" content=\"Graduaci\u00f3n 4\u00ba ESO Promoci\u00f3n 2018-2022 - IESO La Paz de Cintru\u00e9nigo\" \/>\n<meta property=\"og:description\" content=\"El pasado 27 de Mayo se celebr\u00f3 en el Centro de Artes\u00a0Avenida\u00a0el acto de graduaci\u00f3n del alumnado de 4\u00ba de ESO de la promoci\u00f3n 2018-2022. Tras la celebraci\u00f3n del acto tuvo lugar un aperitivo en el patio del instituto para todas las familias por cortes\u00eda de la Apyma y el IESO La Paz. A continuaci\u00f3n [&hellip;]\" \/>\n<meta property=\"og:url\" content=\"https:\/\/iesolapaz.educacion.navarra.es\/web\/graduacion-4o-eso-promocion-2018-2022\/\" \/>\n<meta property=\"og:site_name\" content=\"IESO La Paz de Cintru\u00e9nigo\" \/>\n<meta property=\"og:image\" content=\"https:\/\/iesolapaz.educacion.navarra.es\/web\/wp-content\/uploads\/2022\/06\/orla-ieso-la-paz-2022-2-2-1024x682.jpg\" \/>\n<meta name=\"twitter:card\" content=\"summary_large_image\" \/>\n<meta name=\"twitter:label1\" content=\"Tiempo de lectura\" \/>\n\t<meta name=\"twitter:data1\" content=\"1 minuto\" \/>\n<script type=\"application\/ld+json\" class=\"yoast-schema-graph\">{\"@context\":\"https:\/\/schema.org\",\"@graph\":[{\"@type\":\"WebPage\",\"@id\":\"https:\/\/iesolapaz.educacion.navarra.es\/web\/graduacion-4o-eso-promocion-2018-2022\/\",\"url\":\"https:\/\/iesolapaz.educacion.navarra.es\/web\/graduacion-4o-eso-promocion-2018-2022\/\",\"name\":\"Graduaci\u00f3n 4\u00ba ESO Promoci\u00f3n 2018-2022 - IESO La Paz de Cintru\u00e9nigo\",\"isPartOf\":{\"@id\":\"https:\/\/iesolapaz.educacion.navarra.es\/web\/#website\"},\"datePublished\":\"2022-06-07T21:20:33+00:00\",\"dateModified\":\"2022-06-07T21:20:33+00:00\",\"breadcrumb\":{\"@id\":\"https:\/\/iesolapaz.educacion.navarra.es\/web\/graduacion-4o-eso-promocion-2018-2022\/#breadcrumb\"},\"inLanguage\":\"es\",\"potentialAction\":[{\"@type\":\"ReadAction\",\"target\":[\"https:\/\/iesolapaz.educacion.navarra.es\/web\/graduacion-4o-eso-promocion-2018-2022\/\"]}]},{\"@type\":\"BreadcrumbList\",\"@id\":\"https:\/\/iesolapaz.educacion.navarra.es\/web\/graduacion-4o-eso-promocion-2018-2022\/#breadcrumb\",\"itemListElement\":[{\"@type\":\"ListItem\",\"position\":1,\"name\":\"Home\",\"item\":\"https:\/\/iesolapaz.educacion.navarra.es\/web\/\"},{\"@type\":\"ListItem\",\"position\":2,\"name\":\"Graduaci\u00f3n 4\u00ba ESO Promoci\u00f3n 2018-2022\"}]},{\"@type\":\"WebSite\",\"@id\":\"https:\/\/iesolapaz.educacion.navarra.es\/web\/#website\",\"url\":\"https:\/\/iesolapaz.educacion.navarra.es\/web\/\",\"name\":\"IESO La Paz de Cintru\u00e9nigo\",\"description\":\"Sitio web del IESO La Paz de Cintru\u00e9nigo\",\"potentialAction\":[{\"@type\":\"SearchAction\",\"target\":{\"@type\":\"EntryPoint\",\"urlTemplate\":\"https:\/\/iesolapaz.educacion.navarra.es\/web\/?s={search_term_string}\"},\"query-input\":\"required name=search_term_string\"}],\"inLanguage\":\"es\"}]}<\/script>\n<!-- \/ Yoast SEO plugin. -->","yoast_head_json":{"title":"Graduaci\u00f3n 4\u00ba ESO Promoci\u00f3n 2018-2022 - IESO La Paz de Cintru\u00e9nigo","robots":{"index":"index","follow":"follow","max-snippet":"max-snippet:-1","max-image-preview":"max-image-preview:large","max-video-preview":"max-video-preview:-1"},"canonical":"https:\/\/iesolapaz.educacion.navarra.es\/web\/graduacion-4o-eso-promocion-2018-2022\/","og_locale":"es_ES","og_type":"article","og_title":"Graduaci\u00f3n 4\u00ba ESO Promoci\u00f3n 2018-2022 - IESO La Paz de Cintru\u00e9nigo","og_description":"El pasado 27 de Mayo se celebr\u00f3 en el Centro de Artes\u00a0Avenida\u00a0el acto de graduaci\u00f3n del alumnado de 4\u00ba de ESO de la promoci\u00f3n 2018-2022. Tras la celebraci\u00f3n del acto tuvo lugar un aperitivo en el patio del instituto para todas las familias por cortes\u00eda de la Apyma y el IESO La Paz. A continuaci\u00f3n [&hellip;]","og_url":"https:\/\/iesolapaz.educacion.navarra.es\/web\/graduacion-4o-eso-promocion-2018-2022\/","og_site_name":"IESO La Paz de Cintru\u00e9nigo","og_image":[{"url":"https:\/\/iesolapaz.educacion.navarra.es\/web\/wp-content\/uploads\/2022\/06\/orla-ieso-la-paz-2022-2-2-1024x682.jpg"}],"twitter_card":"summary_large_image","twitter_misc":{"Tiempo de lectura":"1 minuto"},"schema":{"@context":"https:\/\/schema.org","@graph":[{"@type":"WebPage","@id":"https:\/\/iesolapaz.educacion.navarra.es\/web\/graduacion-4o-eso-promocion-2018-2022\/","url":"https:\/\/iesolapaz.educacion.navarra.es\/web\/graduacion-4o-eso-promocion-2018-2022\/","name":"Graduaci\u00f3n 4\u00ba ESO Promoci\u00f3n 2018-2022 - IESO La Paz de Cintru\u00e9nigo","isPartOf":{"@id":"https:\/\/iesolapaz.educacion.navarra.es\/web\/#website"},"datePublished":"2022-06-07T21:20:33+00:00","dateModified":"2022-06-07T21:20:33+00:00","breadcrumb":{"@id":"https:\/\/iesolapaz.educacion.navarra.es\/web\/graduacion-4o-eso-promocion-2018-2022\/#breadcrumb"},"inLanguage":"es","potentialAction":[{"@type":"ReadAction","target":["https:\/\/iesolapaz.educacion.navarra.es\/web\/graduacion-4o-eso-promocion-2018-2022\/"]}]},{"@type":"BreadcrumbList","@id":"https:\/\/iesolapaz.educacion.navarra.es\/web\/graduacion-4o-eso-promocion-2018-2022\/#breadcrumb","itemListElement":[{"@type":"ListItem","position":1,"name":"Home","item":"https:\/\/iesolapaz.educacion.navarra.es\/web\/"},{"@type":"ListItem","position":2,"name":"Graduaci\u00f3n 4\u00ba ESO Promoci\u00f3n 2018-2022"}]},{"@type":"WebSite","@id":"https:\/\/iesolapaz.educacion.navarra.es\/web\/#website","url":"https:\/\/iesolapaz.educacion.navarra.es\/web\/","name":"IESO La Paz de Cintru\u00e9nigo","description":"Sitio web del IESO La Paz de Cintru\u00e9nigo","potentialAction":[{"@type":"SearchAction","target":{"@type":"EntryPoint","urlTemplate":"https:\/\/iesolapaz.educacion.navarra.es\/web\/?s={search_term_string}"},"query-input":"required name=search_term_string"}],"inLanguage":"es"}]}},"featured_image_src":null,"featured_image_src_square":null,"_links":{"self":[{"href":"https:\/\/iesolapaz.educacion.navarra.es\/web\/wp-json\/wp\/v2\/pages\/1842"}],"collection":[{"href":"https:\/\/iesolapaz.educacion.navarra.es\/web\/wp-json\/wp\/v2\/pages"}],"about":[{"href":"https:\/\/iesolapaz.educacion.navarra.es\/web\/wp-json\/wp\/v2\/types\/page"}],"author":[{"embeddable":true,"href":"https:\/\/iesolapaz.educacion.navarra.es\/web\/wp-json\/wp\/v2\/users\/1"}],"replies":[{"embeddable":true,"href":"https:\/\/iesolapaz.educacion.navarra.es\/web\/wp-json\/wp\/v2\/comments?post=1842"}],"version-history":[{"count":1,"href":"https:\/\/iesolapaz.educacion.navarra.es\/web\/wp-json\/wp\/v2\/pages\/1842\/revisions"}],"predecessor-version":[{"id":1846,"href":"https:\/\/iesolapaz.educacion.navarra.es\/web\/wp-json\/wp\/v2\/pages\/1842\/revisions\/1846"}],"wp:attachment":[{"href":"https:\/\/iesolapaz.educacion.navarra.es\/web\/wp-json\/wp\/v2\/media?parent=1842"}],"curies":[{"name":"wp","href":"https:\/\/api.w.org\/{rel}","templated":true}]}}