{"id":632,"date":"2021-03-09T11:55:42","date_gmt":"2021-03-09T10:55:42","guid":{"rendered":"https:\/\/iesolapaz.educacion.navarra.es\/web\/?page_id=632"},"modified":"2023-11-08T10:05:34","modified_gmt":"2023-11-08T09:05:34","slug":"ingles","status":"publish","type":"page","link":"https:\/\/iesolapaz.educacion.navarra.es\/web\/ingles\/","title":{"rendered":"Ingl\u00e9s"},"content":{"rendered":"\n<p>\u00c1LVAREZ MART\u00cdNEZ, PATRICIA<\/p>\n\n\n\n<p>BAREA S\u00c1NCHEZ, GUADALUPE<\/p>\n\n\n\n<p>CALVO MART\u00cdNEZ FRANCISCO JAVIER<\/p>\n\n\n\n<p>CHIVITE MART\u00cdNEZ, \u00c1GUEDA<\/p>\n\n\n\n<p>GIL ALDAYA, NURIA<\/p>\n\n\n\n<p>RAM\u00cdREZ YANGUAS, IRENE<\/p>\n\n\n\n<p>RAM\u00cdREZ YANGUAS, MAR\u00cdA<\/p>\n","protected":false},"excerpt":{"rendered":"<p>\u00c1LVAREZ MART\u00cdNEZ, PATRICIA BAREA S\u00c1NCHEZ, GUADALUPE CALVO MART\u00cdNEZ FRANCISCO JAVIER CHIVITE MART\u00cdNEZ, \u00c1GUEDA GIL ALDAYA, NURIA RAM\u00cdREZ YANGUAS, IRENE RAM\u00cdREZ YANGUAS, MAR\u00cdA<\/p>\n","protected":false},"author":1,"featured_media":0,"parent":0,"menu_order":0,"comment_status":"closed","ping_status":"closed","template":"","meta":{"_genesis_hide_title":false,"_genesis_hide_breadcrumbs":false,"_genesis_hide_singular_image":false,"_genesis_hide_footer_widgets":false,"_genesis_custom_body_class":"","_genesis_custom_post_class":"","_genesis_layout":""},"yoast_head":"<!-- This site is optimized with the Yoast SEO plugin v19.13 - https:\/\/yoast.com\/wordpress\/plugins\/seo\/ -->\n<title>Ingl\u00e9s - IESO La Paz de Cintru\u00e9nigo<\/title>\n<meta name=\"robots\" content=\"index, follow, max-snippet:-1, max-image-preview:large, max-video-preview:-1\" \/>\n<link rel=\"canonical\" href=\"https:\/\/iesolapaz.educacion.navarra.es\/web\/ingles\/\" \/>\n<meta property=\"og:locale\" content=\"es_ES\" \/>\n<meta property=\"og:type\" content=\"article\" \/>\n<meta property=\"og:title\" content=\"Ingl\u00e9s - IESO La Paz de Cintru\u00e9nigo\" \/>\n<meta property=\"og:description\" content=\"\u00c1LVAREZ MART\u00cdNEZ, PATRICIA BAREA S\u00c1NCHEZ, GUADALUPE CALVO MART\u00cdNEZ FRANCISCO JAVIER CHIVITE MART\u00cdNEZ, \u00c1GUEDA GIL ALDAYA, NURIA RAM\u00cdREZ YANGUAS, IRENE RAM\u00cdREZ YANGUAS, MAR\u00cdA\" \/>\n<meta property=\"og:url\" content=\"https:\/\/iesolapaz.educacion.navarra.es\/web\/ingles\/\" \/>\n<meta property=\"og:site_name\" content=\"IESO La Paz de Cintru\u00e9nigo\" \/>\n<meta property=\"article:modified_time\" content=\"2023-11-08T09:05:34+00:00\" \/>\n<meta name=\"twitter:card\" content=\"summary_large_image\" \/>\n<meta name=\"twitter:label1\" content=\"Tiempo de lectura\" \/>\n\t<meta name=\"twitter:data1\" content=\"1 minuto\" \/>\n<script type=\"application\/ld+json\" class=\"yoast-schema-graph\">{\"@context\":\"https:\/\/schema.org\",\"@graph\":[{\"@type\":\"WebPage\",\"@id\":\"https:\/\/iesolapaz.educacion.navarra.es\/web\/ingles\/\",\"url\":\"https:\/\/iesolapaz.educacion.navarra.es\/web\/ingles\/\",\"name\":\"Ingl\u00e9s - IESO La Paz de Cintru\u00e9nigo\",\"isPartOf\":{\"@id\":\"https:\/\/iesolapaz.educacion.navarra.es\/web\/#website\"},\"datePublished\":\"2021-03-09T10:55:42+00:00\",\"dateModified\":\"2023-11-08T09:05:34+00:00\",\"breadcrumb\":{\"@id\":\"https:\/\/iesolapaz.educacion.navarra.es\/web\/ingles\/#breadcrumb\"},\"inLanguage\":\"es\",\"potentialAction\":[{\"@type\":\"ReadAction\",\"target\":[\"https:\/\/iesolapaz.educacion.navarra.es\/web\/ingles\/\"]}]},{\"@type\":\"BreadcrumbList\",\"@id\":\"https:\/\/iesolapaz.educacion.navarra.es\/web\/ingles\/#breadcrumb\",\"itemListElement\":[{\"@type\":\"ListItem\",\"position\":1,\"name\":\"Home\",\"item\":\"https:\/\/iesolapaz.educacion.navarra.es\/web\/\"},{\"@type\":\"ListItem\",\"position\":2,\"name\":\"Ingl\u00e9s\"}]},{\"@type\":\"WebSite\",\"@id\":\"https:\/\/iesolapaz.educacion.navarra.es\/web\/#website\",\"url\":\"https:\/\/iesolapaz.educacion.navarra.es\/web\/\",\"name\":\"IESO La Paz de Cintru\u00e9nigo\",\"description\":\"Sitio web del IESO La Paz de Cintru\u00e9nigo\",\"potentialAction\":[{\"@type\":\"SearchAction\",\"target\":{\"@type\":\"EntryPoint\",\"urlTemplate\":\"https:\/\/iesolapaz.educacion.navarra.es\/web\/?s={search_term_string}\"},\"query-input\":\"required name=search_term_string\"}],\"inLanguage\":\"es\"}]}<\/script>\n<!-- \/ Yoast SEO plugin. -->","yoast_head_json":{"title":"Ingl\u00e9s - IESO La Paz de Cintru\u00e9nigo","robots":{"index":"index","follow":"follow","max-snippet":"max-snippet:-1","max-image-preview":"max-image-preview:large","max-video-preview":"max-video-preview:-1"},"canonical":"https:\/\/iesolapaz.educacion.navarra.es\/web\/ingles\/","og_locale":"es_ES","og_type":"article","og_title":"Ingl\u00e9s - IESO La Paz de Cintru\u00e9nigo","og_description":"\u00c1LVAREZ MART\u00cdNEZ, PATRICIA BAREA S\u00c1NCHEZ, GUADALUPE CALVO MART\u00cdNEZ FRANCISCO JAVIER CHIVITE MART\u00cdNEZ, \u00c1GUEDA GIL ALDAYA, NURIA RAM\u00cdREZ YANGUAS, IRENE RAM\u00cdREZ YANGUAS, MAR\u00cdA","og_url":"https:\/\/iesolapaz.educacion.navarra.es\/web\/ingles\/","og_site_name":"IESO La Paz de Cintru\u00e9nigo","article_modified_time":"2023-11-08T09:05:34+00:00","twitter_card":"summary_large_image","twitter_misc":{"Tiempo de lectura":"1 minuto"},"schema":{"@context":"https:\/\/schema.org","@graph":[{"@type":"WebPage","@id":"https:\/\/iesolapaz.educacion.navarra.es\/web\/ingles\/","url":"https:\/\/iesolapaz.educacion.navarra.es\/web\/ingles\/","name":"Ingl\u00e9s - IESO La Paz de Cintru\u00e9nigo","isPartOf":{"@id":"https:\/\/iesolapaz.educacion.navarra.es\/web\/#website"},"datePublished":"2021-03-09T10:55:42+00:00","dateModified":"2023-11-08T09:05:34+00:00","breadcrumb":{"@id":"https:\/\/iesolapaz.educacion.navarra.es\/web\/ingles\/#breadcrumb"},"inLanguage":"es","potentialAction":[{"@type":"ReadAction","target":["https:\/\/iesolapaz.educacion.navarra.es\/web\/ingles\/"]}]},{"@type":"BreadcrumbList","@id":"https:\/\/iesolapaz.educacion.navarra.es\/web\/ingles\/#breadcrumb","itemListElement":[{"@type":"ListItem","position":1,"name":"Home","item":"https:\/\/iesolapaz.educacion.navarra.es\/web\/"},{"@type":"ListItem","position":2,"name":"Ingl\u00e9s"}]},{"@type":"WebSite","@id":"https:\/\/iesolapaz.educacion.navarra.es\/web\/#website","url":"https:\/\/iesolapaz.educacion.navarra.es\/web\/","name":"IESO La Paz de Cintru\u00e9nigo","description":"Sitio web del IESO La Paz de Cintru\u00e9nigo","potentialAction":[{"@type":"SearchAction","target":{"@type":"EntryPoint","urlTemplate":"https:\/\/iesolapaz.educacion.navarra.es\/web\/?s={search_term_string}"},"query-input":"required name=search_term_string"}],"inLanguage":"es"}]}},"featured_image_src":null,"featured_image_src_square":null,"_links":{"self":[{"href":"https:\/\/iesolapaz.educacion.navarra.es\/web\/wp-json\/wp\/v2\/pages\/632"}],"collection":[{"href":"https:\/\/iesolapaz.educacion.navarra.es\/web\/wp-json\/wp\/v2\/pages"}],"about":[{"href":"https:\/\/iesolapaz.educacion.navarra.es\/web\/wp-json\/wp\/v2\/types\/page"}],"author":[{"embeddable":true,"href":"https:\/\/iesolapaz.educacion.navarra.es\/web\/wp-json\/wp\/v2\/users\/1"}],"replies":[{"embeddable":true,"href":"https:\/\/iesolapaz.educacion.navarra.es\/web\/wp-json\/wp\/v2\/comments?post=632"}],"version-history":[{"count":7,"href":"https:\/\/iesolapaz.educacion.navarra.es\/web\/wp-json\/wp\/v2\/pages\/632\/revisions"}],"predecessor-version":[{"id":2470,"href":"https:\/\/iesolapaz.educacion.navarra.es\/web\/wp-json\/wp\/v2\/pages\/632\/revisions\/2470"}],"wp:attachment":[{"href":"https:\/\/iesolapaz.educacion.navarra.es\/web\/wp-json\/wp\/v2\/media?parent=632"}],"curies":[{"name":"wp","href":"https:\/\/api.w.org\/{rel}","templated":true}]}}